{"id":85,"date":"2021-04-16T18:31:24","date_gmt":"2021-04-16T18:31:24","guid":{"rendered":"https:\/\/test.trials-of-life.de\/?page_id=85"},"modified":"2025-07-25T18:17:31","modified_gmt":"2025-07-25T18:17:31","slug":"galerie","status":"publish","type":"page","link":"https:\/\/test.trials-of-life.de\/?page_id=85","title":{"rendered":"Galerie"},"content":{"rendered":"\n<p>#_EVENTNAME<\/p>\n\n\n\n<h2 class=\"wp-block-heading\">Kevin Barth<\/h2>\n\n\n\n<h4 class=\"wp-block-heading\">Vocals, Cajon<\/h4>\n\n\n\n<div class=\"wp-block-media-text alignwide is-stacked-on-mobile is-vertically-aligned-top\"><figure class=\"wp-block-media-text__media\"><img loading=\"lazy\" decoding=\"async\" width=\"683\" height=\"1024\" src=\"https:\/\/test.trials-of-life.de\/wp-content\/uploads\/2025\/07\/Einzelfotos-ToL.001-683x1024.jpeg\" alt=\"\" class=\"wp-image-228 size-full\" srcset=\"https:\/\/test.trials-of-life.de\/wp-content\/uploads\/2025\/07\/Einzelfotos-ToL.001-683x1024.jpeg 683w, https:\/\/test.trials-of-life.de\/wp-content\/uploads\/2025\/07\/Einzelfotos-ToL.001-200x300.jpeg 200w, https:\/\/test.trials-of-life.de\/wp-content\/uploads\/2025\/07\/Einzelfotos-ToL.001-768x1152.jpeg 768w, https:\/\/test.trials-of-life.de\/wp-content\/uploads\/2025\/07\/Einzelfotos-ToL.001-1024x1536.jpeg 1024w, https:\/\/test.trials-of-life.de\/wp-content\/uploads\/2025\/07\/Einzelfotos-ToL.001-1365x2048.jpeg 1365w, https:\/\/test.trials-of-life.de\/wp-content\/uploads\/2025\/07\/Einzelfotos-ToL.001-scaled.jpeg 1707w\" sizes=\"(max-width: 683px) 100vw, 683px\" \/><\/figure><div class=\"wp-block-media-text__content\">\n<blockquote class=\"wp-block-quote is-style-default is-layout-flow wp-block-quote-is-layout-flow\">\n<p>Ich singe schon gef\u00fchlt mein ganzes Leben lang. Es hat aber 14 Jahre gedauert, bis ich mich das auch auf einer B\u00fchne getraut habe. In der Grundschule habe ich mich leider daf\u00fcr entschieden, Akkordeon zu lernen, aber die Faszination f\u00fcr dieses Instrument hat nur etwa bis zu meinem 13. Lebensjahr gehalten. Durch diverse Schulprojekte ist das Trommeln immer mehr in den Vordergrund ger\u00fcckt. Mit 14 hatte ich meine erste richtige Band, in der ich das dann auch eingesetzt habe, allerdings erst nur auf M\u00fclleimern. Schnell war aber ein Cajon angeschafft und ich habe mir das Spielen darauf nach und nach selbst beigebracht. Bis heute bin ich abgesehen von kleinen Unterbrechungen immer in irgendeiner Band unterwegs. Nur im Proberaum sitzen liegt mir nicht, ich bin gerne auf der B\u00fchne und finde es gro\u00dfartig, von einem Publikum getragen zu werden. Das Cajon hatte f\u00fcnf Jahre Pause, bei \u201eTrials of Life\u201c habe ich es wieder auspacken d\u00fcrfen. Ein Schlagzeug ist nichts f\u00fcr mich, ich brauche den direkten Handkontakt zu meinem Instrument.<\/p>\n<cite>Kevin Barth, 2020<\/cite><\/blockquote>\n<\/div><\/div>\n\n\n\n<p><strong>Allgemeine Informationen:<\/strong><\/p>\n\n\n\n<ul class=\"wp-block-list\">\n<li><strong><em>Geburtstag:<\/em><\/strong> 10.01.1993<\/li>\n\n\n\n<li><strong><em>Bei Trials of Life seit:<\/em><\/strong> 2020<\/li>\n\n\n\n<li><strong><em>Mein Weg zu \u201eTrials of Life\u201c:<\/em><\/strong> Ging \u00fcber Keyboarder Flo, mit dem ich zuvor schon in einer Band gespielt habe. Nach der Aufl\u00f6sung dieses Projekts war klar, dass wir etwas neues Ambitioniertes starten wollen. Das hat dann \u00fcberraschend schnell geklappt.<\/li>\n\n\n\n<li><strong><em>Lieblingsk\u00fcnstler:<\/em><\/strong> Sting, Bryan Adams, Sunrise Avenue, Billy Joel<\/li>\n\n\n\n<li><strong><em>Wenn ich nicht Musik mache:<\/em><\/strong> Arbeite ich journalistisch, versinke in einem guten H\u00f6rbuch, verfolge diverse sportliche Wettk\u00e4mpfe und \u00fcbe auch selbst welche aus<\/li>\n\n\n\n<li><strong><em>Mein bestes B\u00fchnenerlebnis mit Trials of Life:<\/em><\/strong> nach acht Monaten Corona-Lockdown haben wir im Juni 2021 in der Fu\u00dfg\u00e4ngerzohne von Herdecke gespielt. Es war gro\u00dfartiges Wetter, \u00fcberall sa\u00dfen Leute, die unsere Musik gefeiert haben und wir haben trotz der langen Pause so gut wie eh und je als Band harmoniert.<\/li>\n\n\n\n<li><strong><em>Musik, die gar nicht geht:<\/em><\/strong> Ist welche, bei der man auch einfach einen Computer auf die B\u00fchne stellen k\u00f6nnte, weil nichts selbst gemacht ist.<\/li>\n\n\n\n<li><strong><em>Was die anderen an mir sch\u00e4tzen:<\/em><\/strong><\/li>\n\n\n\n<li><ul><li><em>Florian:<\/em> \u201eKevin kann man nur schwer blenden, sein absolutes Geh\u00f6r bemerkt alles. Zudem ist seine Stimme kraftvoll auf seinem gesamten riesigen Ambitus.\u201d<\/li><\/ul>\n<ul>\n<li><em>Raphael:<\/em> \u201eIst das Sting? Das dachte ich, als ich von Kevin zum ersten Mal &#8220;Englishman in New York&#8221; geh\u00f6rt habe. Zu seinem unglaublichen Stimmorgan kommt dann auch noch der Rhythmus der Cajon dazu, den ich mir als Bassist nat\u00fcrlich besonders w\u00fcnsche. Am allerbesten harmonieren wir allerdings wahrscheinlich, wenn einer von uns beiden einen Flachwitz rei\u00dft. Den Wettbewerb des schlechtesten Witzes liefere ich mir sehr gerne. Sieh das als Herausforderung, Kevin!\u201d<\/li>\n\n\n\n<li><em>Carsten:<\/em> \u201eKevin hat eine gro\u00dfartige und sehr wandelbare Stimme. Dass er beim Singen auch noch die Cajon so gut beherrscht, ist faszinierend. In den Proben ist er sehr zielgerichtet und h\u00e4lt uns auf Kurs, wenn die Zeit davon rennt.\u201d<\/li>\n\n\n\n<li><em>Simon <em>(ehemaliges Mitglied)<\/em>:<\/em> \u201eKevin ist ein sehr offener und lustiger Typ. Seine offene Art hilft dabei unsere Proben produktiv zu gestalten und seine witzige Art l\u00e4sst einen bereits mit einem Grinsen im Gesicht zur Probe fahren.\u201d<\/li>\n<\/ul>\n<\/li>\n<\/ul>\n\n\n\n<h2 class=\"wp-block-heading\">Florian Krebs<\/h2>\n\n\n\n<h4 class=\"wp-block-heading\">Keyboards, Backings<\/h4>\n\n\n\n<div class=\"wp-block-media-text alignwide is-stacked-on-mobile is-vertically-aligned-top\"><figure class=\"wp-block-media-text__media\"><img loading=\"lazy\" decoding=\"async\" width=\"683\" height=\"1024\" src=\"https:\/\/test.trials-of-life.de\/wp-content\/uploads\/2025\/07\/Einzelfotos-ToL.003-683x1024.jpeg\" alt=\"\" class=\"wp-image-227 size-full\" srcset=\"https:\/\/test.trials-of-life.de\/wp-content\/uploads\/2025\/07\/Einzelfotos-ToL.003-683x1024.jpeg 683w, https:\/\/test.trials-of-life.de\/wp-content\/uploads\/2025\/07\/Einzelfotos-ToL.003-200x300.jpeg 200w, https:\/\/test.trials-of-life.de\/wp-content\/uploads\/2025\/07\/Einzelfotos-ToL.003-768x1152.jpeg 768w, https:\/\/test.trials-of-life.de\/wp-content\/uploads\/2025\/07\/Einzelfotos-ToL.003-1024x1536.jpeg 1024w, https:\/\/test.trials-of-life.de\/wp-content\/uploads\/2025\/07\/Einzelfotos-ToL.003-1365x2048.jpeg 1365w, https:\/\/test.trials-of-life.de\/wp-content\/uploads\/2025\/07\/Einzelfotos-ToL.003-scaled.jpeg 1707w\" sizes=\"(max-width: 683px) 100vw, 683px\" \/><\/figure><div class=\"wp-block-media-text__content\">\n<blockquote class=\"wp-block-quote is-layout-flow wp-block-quote-is-layout-flow\">\n<p>\u00c4hnlich wie Kevin mache ich auch schon mein ganzes Leben Musik. Noch vor der Grundschule begann ich Posaune zu lernen und es hat auch nicht lange gedauert, bis ich in ersten (symphonischen) Blasorchestern mitspielen konnte. Mit circa 12 Jahren habe ich dann mit Klavier begonnen, was mein Leben ver\u00e4nderte. Ich fing ab der 9.Klasse in einer Schulband an und kam so auf die ersten gr\u00f6\u00dferen oder kleineren B\u00fchnen. Nach dem Abitur wollte ich eine Karriere im Bereich Tonmeister einschlagen, jedoch hielten mich gewisse Kr\u00e4fte in Dortmund, sodass ich schlie\u00dflich 2018 an der TU Dortmund mein Lehramtsstudium anfing. Zudem bin ich bei der Band 3past7 eingestiegen und spielte gleichzeitig aushilfsweise in diversen anderen Bands. Mittlerweile bewege ich mich musikalisch au\u00dferdem in Theater- und Musicalkreisen und lehre meine Passionen Klavier, Keyboard und Tontechnik an einer privaten Musikschule, sowie Musik an einem Dortmunder Gymnasium.<\/p>\n<cite>Florian Krebs, 2021<\/cite><\/blockquote>\n<\/div><\/div>\n\n\n\n<p><strong>Allgemeine Informationen:<\/strong><\/p>\n\n\n\n<ul class=\"wp-block-list\">\n<li><em><strong>Geburtstag:<\/strong><\/em> 01.03.1999<\/li>\n\n\n\n<li><strong><em>Bei Trials of Life seit:<\/em><\/strong> 2020<\/li>\n\n\n\n<li><strong><em>Mein Weg zu \u201eTrials of Life\u201c:<\/em><\/strong> War geschuldet der Aufl\u00f6sung meiner letzten Band 3past7, in der ich bereits mit Kevin zusammen spielte. Nach der Aufl\u00f6sung war klar, dass ich mit Kevin etwas Neues starten wollte &#8212; mit weiteren Meistern Ihres Fachs. Da ich mit Simon gemeinsam Musik studiere und er ebenfalls bandlos war, war es ein Leichtes ihn zu engagieren. Die Band hat dann auch direkt in der Formation geklappt.<\/li>\n\n\n\n<li><strong><em>Lieblingsk\u00fcnstler:<\/em><\/strong> Gustav Mahler, Anton Bruckner, Billy Joel, Eric Clapton, Sting, Stevie Wonder, u.v.m.<\/li>\n\n\n\n<li><strong><em>Wenn ich nicht Musik mache:<\/em><\/strong> studiere ich \u2026 Musik, naja und Mathematik auf Lehramt, nehme ich andere Musiker auf, unterrichte ich reifende Musiker und Techniker.<\/li>\n\n\n\n<li><strong><em>Mein bestes B\u00fchnenerlebnis mit Trials of Life:<\/em><\/strong> Jeder Auftritt ist besonders \u2013 so viel vorne weg. Das unvorstellbarste und \u00fcberw\u00e4ltigendste Erlebnis war allerdings der Auftritt in der Dortmunder Westfalenhalle. Wenn man als Kind dort bei gro\u00dfen Veranstaltungen zu Gast war, h\u00e4tte ich niemals erwartet, dort einmal selber auf der B\u00fchne zu stehen und den Abend zu rocken. Und das vor einem Publikum von \u201chohen Tieren\u201d im Veranstaltungsbereich. Das macht einen schon stolz.<\/li>\n\n\n\n<li><strong><em>Musik, die gar nicht geht:<\/em><\/strong> ist rein vorproduzierte Musik, die live als Vollplayback eingespielt wird.<\/li>\n\n\n\n<li><strong><em>Was die anderen an mir sch\u00e4tzen:<\/em><\/strong>\n<ul class=\"wp-block-list\">\n<li><em>Kevin:<\/em> \u201eFlo ist ein angenehmer positiver Zeitgenosse. Er ist kritikf\u00e4hig, was nicht selbstverst\u00e4ndlich ist. Man merkt ihm nicht an, wenn er auf einen Song keine Lust hat, er spielt ihn trotzdem so, als w\u00e4re es das Gr\u00f6\u00dfte f\u00fcr ihn.\u201c<\/li>\n\n\n\n<li><em>Raphael:<\/em> \u201eFlo ist ein Flitzefinger an den Keyboards. Dabei hat er immer den richtigen Sound, sodass man sich fragt, ob da gerade das Original l\u00e4uft oder Flo seinen Part \u00fcbt. Er wei\u00df aber auch ganz genau, wann er sich zur\u00fccknehmen muss und die anderen im Vordergrund stehen. Umgehauen haben mich auch die guten Begleitstimmen, die er zum Gesang beitr\u00e4gt!\u201d<\/li>\n\n\n\n<li><em>Carsten:<\/em> \u201eEs ist beeindruckend, was Florian auf dem Keyboard anstellt &#8211; stellenweise f\u00fchle ich mich ein wenig \u00fcberfl\u00fcssig, wenn er richtig reinhaut. Gleichzeitig haut er dabei noch unheimlich versiert Backing-Vocals raus. Und was er im Hintergrund bereitwillig noch alles organisatorisch leistet, ist echt enorm.\u201d<\/li>\n\n\n\n<li><em>Simon (ehemaliges Mitglied):<\/em> \u201eFlo ist musikalisch &#8211; gerade was die Keys und Musikproduktion angeht &#8211; sehr versiert. Hinzu kommt, dass er ein gutes Gef\u00fchl f\u00fcr das Zwischenmenschliche bzw. das Zusammenspiel mit anderen Musikern hat. Er h\u00f6rt mir und uns beim Spielen zu. Das ist eine Eigenschaft, die gro\u00dfen Wert tr\u00e4gt.\u201d<\/li>\n<\/ul>\n<\/li>\n<\/ul>\n\n\n\n<h2 class=\"wp-block-heading\">Raphael Schmidtkord<\/h2>\n\n\n\n<h4 class=\"wp-block-heading\">Bass, Backings<\/h4>\n\n\n\n<div class=\"wp-block-media-text alignwide is-stacked-on-mobile is-vertically-aligned-top\"><figure class=\"wp-block-media-text__media\"><img loading=\"lazy\" decoding=\"async\" width=\"683\" height=\"1024\" src=\"https:\/\/test.trials-of-life.de\/wp-content\/uploads\/2025\/07\/Einzelfotos-ToL.004-683x1024.jpeg\" alt=\"\" class=\"wp-image-226 size-full\" srcset=\"https:\/\/test.trials-of-life.de\/wp-content\/uploads\/2025\/07\/Einzelfotos-ToL.004-683x1024.jpeg 683w, https:\/\/test.trials-of-life.de\/wp-content\/uploads\/2025\/07\/Einzelfotos-ToL.004-200x300.jpeg 200w, https:\/\/test.trials-of-life.de\/wp-content\/uploads\/2025\/07\/Einzelfotos-ToL.004-768x1152.jpeg 768w, https:\/\/test.trials-of-life.de\/wp-content\/uploads\/2025\/07\/Einzelfotos-ToL.004-1024x1536.jpeg 1024w, https:\/\/test.trials-of-life.de\/wp-content\/uploads\/2025\/07\/Einzelfotos-ToL.004-1365x2048.jpeg 1365w, https:\/\/test.trials-of-life.de\/wp-content\/uploads\/2025\/07\/Einzelfotos-ToL.004-scaled.jpeg 1707w\" sizes=\"(max-width: 683px) 100vw, 683px\" \/><\/figure><div class=\"wp-block-media-text__content\">\n<blockquote class=\"wp-block-quote is-layout-flow wp-block-quote-is-layout-flow\">\n<p>Meine Musikerkarriere war zun\u00e4chst vom Gesang gepr\u00e4gt. Seit meinem siebten Lebensjahr genie\u00dfe ich eine klassische Gesangsausbildung und engagiere mich als S\u00e4nger und Leiter in diversen Ch\u00f6ren und Vokalensembles. In schulischen Musicalproduktionen, bei denen ich mich noch lange ehrenamtlich als Altsch\u00fcler engagierte, stand ich zus\u00e4tzlich auch schauspielerisch auf und als Regie hinter der B\u00fchne. Diese Leidenschaft habe ich bis heute weiterverfolgt.<br>Daneben begann ich 2005,  Gitarre spielen zu lernen und wechselte 2013 zu dem Instrument, was ich auch in der Band spiele, dem Bass.<br>Die Musik m\u00f6chte ich auch zu meinem Beruf machen und studiere deshalb seit Herbst 2016 Musik auf Lehramt an der TU Dortmund, wo ich Flo und Simon kennengelernt habe.<\/p>\n<cite>Raphael Schmidtkord, 2020<\/cite><\/blockquote>\n\n\n\n<p><\/p>\n<\/div><\/div>\n\n\n\n<p><strong>Allgemeine Informationen:<\/strong><\/p>\n\n\n\n<ul class=\"wp-block-list\">\n<li><strong><em>Geburtstag:<\/em><\/strong> 15.11.1994<\/li>\n\n\n\n<li><strong><em>Bei Trials of Life seit:<\/em><\/strong> 2020<\/li>\n\n\n\n<li><strong><em>Mein Weg zu \u201eTrials of Life\u201c:<\/em><\/strong> Nachdem ich mit Flo einige Aushilfsgigs und Musicals zusammen gespielt habe, bin ich auf Facebook auf Demoaufnahmen einer ganz bestimmten jungen Band gesto\u00dfen, wo mir nur eines fehlte: Bass. Ich schrieb Flo, der das dann auch so sah und schon war ich dabei.&nbsp;<\/li>\n\n\n\n<li><em><strong>Lieblingsk\u00fcnstler:<\/strong><\/em> Johann Sebastian Bach, Vulfpeck, Passenger, Jacob Collier, Lizzy McAlpine, Leland Sklar&nbsp;(Toto)<\/li>\n\n\n\n<li><strong><em>Wenn ich nicht Musik mache:<\/em><\/strong> studiere ich Deutsch\/Musik auf Lehramt, mache ich Turnierhundsport, klettere W\u00e4nde in Boulderhallen hoch, fotografiere und filme und spiele Pen &amp; Paper oder Brettspiele&nbsp;&nbsp;<\/li>\n\n\n\n<li><strong><em>Mein bestes B\u00fchnenerlebnis:<\/em><\/strong> Mit meiner allerersten Band haben wir in einer Kneipe selbstst\u00e4ndig ein Konzert organisiert, mit allem, was dazugeh\u00f6rt \u2013 wir waren sozusagen Headliner (auch wenn wir die einzige Band waren) und mussten daf\u00fcr sorgen, dass der Laden voll wird. Wir hatten Riesenangst, dass nur sehr Wenige kommen w\u00fcrden, aber kurz bevor wir angefangen haben zu spielen, sagte man uns, dass sogar einige Leute wieder nach Hause geschickt werden mussten. Es gab keinen freien Quadratmeter mehr und der Wirt hat wahrscheinlich bis ans Lebensende ausgesorgt..&nbsp;<\/li>\n\n\n\n<li><em><strong>Musik, die gar nicht geht:<\/strong><\/em> Gangster-Rap, schlecht \u00fcbersetzte Musicals&nbsp;und Ballermann-Schlager<\/li>\n\n\n\n<li><strong><em>Was die anderen an mir sch\u00e4tzen:<\/em><\/strong><ul><li><em>Kevin:<\/em> \u201eRapha kann sich sehr schnell in Songs reinfuchsen und beherrscht sein Instrument beeindruckend gut. Mit seinem trockenen Humor ist er au\u00dferdem wie gemacht f\u00fcr Zwischenmoderationen auf der B\u00fchne, bei denen man sich gegenseitig hochschaukelt.\u201c<\/li><\/ul>\n<ul class=\"wp-block-list\">\n<li><em>Florian:<\/em> \u201eRapha hab ich direkt als hilfsbereite Person kennengelernt. Zudem strahlen seine Kommunikation auf der B\u00fchne sowie sein Bassspiel die n\u00f6tige Sicherheit aus, die auf die anderen Musiker abf\u00e4rbt.\u201d<\/li>\n\n\n\n<li><em>Carsten:<\/em> \u201eRaphael spielt sehr solide Bass und hat ein unheimlich gutes Gef\u00fchl f\u00fcr Backing-Vocals. Au\u00dferdem hat er immer gute Laune. F\u00fcr was er sich neben der Band noch so alles engagiert, konnte ich erst gar nicht glauben. Beeindruckend, wie er das alles unter einen Hut bekommt.\u201d<\/li>\n\n\n\n<li><em>Simon <em>(ehemaliges Mitglied)<\/em>:<\/em> \u201eRapha ist ein offener und freundlicher Mensch. Ich sch\u00e4tze seine Flexibilit\u00e4t \u2013 sowohl am Bass, als auch bei den Backing Vocals. Durch seine ruhige und sehr humorvolle Art sind Proben und Auftritte mit ihm stets eine Freude.\u201d<\/li>\n<\/ul>\n<\/li>\n<\/ul>\n\n\n\n<h2 class=\"wp-block-heading\">Carsten Nelskamp<\/h2>\n\n\n\n<h4 class=\"wp-block-heading\">Gitarre, Backings<\/h4>\n\n\n\n<div class=\"wp-block-media-text alignwide is-stacked-on-mobile is-vertically-aligned-top\"><figure class=\"wp-block-media-text__media\"><img loading=\"lazy\" decoding=\"async\" width=\"683\" height=\"1024\" src=\"https:\/\/test.trials-of-life.de\/wp-content\/uploads\/2025\/07\/Einzelfotos-ToL.002-683x1024.jpeg\" alt=\"\" class=\"wp-image-231 size-full\" srcset=\"https:\/\/test.trials-of-life.de\/wp-content\/uploads\/2025\/07\/Einzelfotos-ToL.002-683x1024.jpeg 683w, https:\/\/test.trials-of-life.de\/wp-content\/uploads\/2025\/07\/Einzelfotos-ToL.002-200x300.jpeg 200w, https:\/\/test.trials-of-life.de\/wp-content\/uploads\/2025\/07\/Einzelfotos-ToL.002-768x1152.jpeg 768w, https:\/\/test.trials-of-life.de\/wp-content\/uploads\/2025\/07\/Einzelfotos-ToL.002-1024x1536.jpeg 1024w, https:\/\/test.trials-of-life.de\/wp-content\/uploads\/2025\/07\/Einzelfotos-ToL.002-1365x2048.jpeg 1365w, https:\/\/test.trials-of-life.de\/wp-content\/uploads\/2025\/07\/Einzelfotos-ToL.002-scaled.jpeg 1707w\" sizes=\"(max-width: 683px) 100vw, 683px\" \/><\/figure><div class=\"wp-block-media-text__content\">\n<blockquote class=\"wp-block-quote is-layout-flow wp-block-quote-is-layout-flow\">\n<p><em>Meine Musikkarriere begann im Grundschulalter am Klavier. Im Alter von 12 Jahren wechselte ich von Tasten zu Saiten. Damals war es eine alte, akustische Gitarre. Richtig \u201eKlick\u201c machte es allerdings, als ich mir mit 15 Jahren eine E-Gitarre kaufte. Von da an nutzte ich jede freie Minute zum \u00dcben. Ich spielte in verschiedenen Bandprojekten, welche u.a. von Guns&#8217;n&#8217;Roses, Pearl Jam oder Die \u00c4rzte inspiriert waren. Mit der Band \u201eSpa\u00df am Dienstag\u201c hatte ich einige beachtliche Auftritte.<\/em><br><em>Nach dem Abitur ist das Musikmachen in Bandprojekten leider stark in den Hintergrund geraten. Eine Zufallsbekanntschaft begeisterte mich im Studium erneut f\u00fcr die akustische Gitarre. Seitdem habe ich viele Rocksongs als akustische Coverversion gespielt und \u00fcbte mich zunehmend auch im Schreiben eigener Songs und im Gesang. Nebenbei hielt ich immer mal wieder Ausschau nach einem passenden Bandprojekt. Ich freue mich sehr dar\u00fcber, dass ich bei Trials of Life f\u00fcndig wurde und die Band sowohl&nbsp; akustisch als auch elektrisch erg\u00e4nzen kann und vom Stil her in einer mich ansprechenden Richtung weiterarbeiten kann.<\/em><\/p>\n<cite>Carsten Nelskamp, 2025<\/cite><\/blockquote>\n\n\n\n<p><\/p>\n<\/div><\/div>\n\n\n\n<p><strong>Allgemeine Informationen:<\/strong><\/p>\n\n\n\n<ul class=\"wp-block-list\">\n<li><strong><em>Geburtstag:<\/em><\/strong> 09.06.1976<\/li>\n\n\n\n<li><strong><em>Bei Trials of Life seit:<\/em><\/strong> 2025<\/li>\n\n\n\n<li><strong><em>Mein Weg zu \u201eTrials of Life\u201c:<\/em><\/strong> Bei einem ihrer Auftritte im Mulvany&#8217;s Irish Pub in Marl erz\u00e4hlten ToL von ihrer Suche nach einem neuen Gitarristen. Durch die Vermittlungsarbeit einer Freundin (Danke \u00dcmi &#x1f609;) kamen wir in der Pause ins Gespr\u00e4ch und nach ein paar Kennenlernproben und Gigs war ich dabei.<\/li>\n\n\n\n<li><em><strong>Lieblingsk\u00fcnstler:<\/strong><\/em> Foo Fighters, Red Hot Chili Peppers, Madsen, Selig, Anouk, Pearl Jam<\/li>\n\n\n\n<li><strong><em>Wenn ich nicht Musik mache:<\/em><\/strong> arbeite ich als Softwareentwickler, genie\u00dfe die Zeit mit meinen beiden Kindern, meiner Frau und unserem Hund.<\/li>\n\n\n\n<li><strong><em>Mein bestes B\u00fchnenerlebnis:<\/em><\/strong> Auf einer privaten Feier spielte ich als Singer-Songwriter Cover-Songs und auch einige selbstgeschriebene Lieder. Als ich bei einem meiner eigenen Lieder zu einer kleinen dramatischen Pause nach dem Refrain kam, herrschte im Publikum absolute Stille &#8211; statt des sonst \u00fcblichen Gemurmels &#8211; und alle schauten zu mir. Das f\u00fchlte sich schon sehr speziell an, mit einem eigenen Lied das Publikum in den Bann zu ziehen.&nbsp;<\/li>\n\n\n\n<li><em><strong>Musik, die gar nicht geht:<\/strong><\/em> Beat-unterlegte Neuauflagen alter Hits.<\/li>\n\n\n\n<li><strong><em>Was die anderen an mir sch\u00e4tzen:<\/em><\/strong><ul><li><em>Kevin:<\/em> \u201eF\u00fcr mich strahlt Carsten eine gro\u00dfe Ruhe aus. Er arbeitet sich akribisch in jeden neuen Song ein, ist ganz generell sehr zuverl\u00e4ssig und mir gef\u00e4llt sein akustisches Gitarrenspiel besonders. Noch dazu bin ich dank ihm nicht mehr der \u00e4lteste in der Band, womit ich ihn nat\u00fcrlich regelm\u00e4\u00dfig auf der B\u00fchne aufziehe.\u201c<\/li><\/ul>\n<ul class=\"wp-block-list\">\n<li><em>Florian:<\/em> \u201eCarsten arbeitet an jedem Song sehr akribisch und detailliert an Spielweise und Sound, noch dazu bringt er neue Bewegung und Schwung auf die B\u00fchne. Und Singen kann er auch noch\u2026\u201d<\/li>\n\n\n\n<li><em>Raphael:<\/em> \u201eCarsten ist begnadigter Texteschreiber\u201d<\/li>\n<\/ul>\n<\/li>\n<\/ul>\n\n\n\n<hr class=\"wp-block-separator has-alpha-channel-opacity is-style-wide\"\/>\n","protected":false},"excerpt":{"rendered":"<p>#_EVENTNAME Kevin Barth Vocals, Cajon Allgemeine Informationen: Florian Krebs Keyboards, Backings Allgemeine Informationen: Raphael Schmidtkord Bass, Backings Allgemeine Informationen: Carsten Nelskamp Gitarre, Backings Allgemeine Informationen:<\/p>\n","protected":false},"author":1,"featured_media":266,"parent":0,"menu_order":0,"comment_status":"closed","ping_status":"closed","template":"","meta":{"footnotes":""},"_links":{"self":[{"href":"https:\/\/test.trials-of-life.de\/index.php?rest_route=\/wp\/v2\/pages\/85"}],"collection":[{"href":"https:\/\/test.trials-of-life.de\/index.php?rest_route=\/wp\/v2\/pages"}],"about":[{"href":"https:\/\/test.trials-of-life.de\/index.php?rest_route=\/wp\/v2\/types\/page"}],"author":[{"embeddable":true,"href":"https:\/\/test.trials-of-life.de\/index.php?rest_route=\/wp\/v2\/users\/1"}],"replies":[{"embeddable":true,"href":"https:\/\/test.trials-of-life.de\/index.php?rest_route=%2Fwp%2Fv2%2Fcomments&post=85"}],"version-history":[{"count":20,"href":"https:\/\/test.trials-of-life.de\/index.php?rest_route=\/wp\/v2\/pages\/85\/revisions"}],"predecessor-version":[{"id":281,"href":"https:\/\/test.trials-of-life.de\/index.php?rest_route=\/wp\/v2\/pages\/85\/revisions\/281"}],"wp:featuredmedia":[{"embeddable":true,"href":"https:\/\/test.trials-of-life.de\/index.php?rest_route=\/wp\/v2\/media\/266"}],"wp:attachment":[{"href":"https:\/\/test.trials-of-life.de\/index.php?rest_route=%2Fwp%2Fv2%2Fmedia&parent=85"}],"curies":[{"name":"wp","href":"https:\/\/api.w.org\/{rel}","templated":true}]}}